{"id":89,"date":"2018-07-13T00:22:42","date_gmt":"2018-07-13T05:22:42","guid":{"rendered":"http:\/\/apefoodt.com\/?page_id=89"},"modified":"2025-03-02T12:34:23","modified_gmt":"2025-03-02T17:34:23","slug":"servicios","status":"publish","type":"page","link":"https:\/\/apefoodt.com\/index.php\/servicios\/","title":{"rendered":"Servicios Ofrecidos"},"content":{"rendered":"<p><strong>APEFOODT <\/strong>es una instituci\u00f3n asociativa privada, constituida desde Julio del 2015 con Partida Registral\u00a0 N\u00b0 13464511 asentada en SUNARP,\u00a0 para brindar todos los servicios requeridos por los Emprendedores <em>Food Trucks<\/em>, desde el inicio de su\u00a0 <em><strong>Idea de Negocio<\/strong><\/em>\u00a0 hasta la\u00a0<em><strong> Puesta en Marcha<\/strong><\/em> del mismo, brindando los siguientes servicios:<\/p>\n<h4 data-start=\"131\" data-end=\"183\">&#x1f69a; <strong data-start=\"139\" data-end=\"181\">Gesti\u00f3n y Formalizaci\u00f3n de Food Trucks<\/strong><\/h4>\n<p data-start=\"184\" data-end=\"334\">Asesoramos en los procesos legales y administrativos para que los food trucks operen de manera formal, cumpliendo con todas las normativas vigentes.<\/p>\n<h4 data-start=\"336\" data-end=\"387\">&#x1f389; <strong data-start=\"344\" data-end=\"385\">Organizaci\u00f3n de Eventos Gastron\u00f3micos<\/strong><\/h4>\n<p data-start=\"388\" data-end=\"560\">Planificamos y ejecutamos eventos en distintos puntos estrat\u00e9gicos, promoviendo la cultura del <strong data-start=\"483\" data-end=\"498\">Street Food<\/strong> y generando oportunidades para los emprendedores del rubro.<\/p>\n<h4 data-start=\"562\" data-end=\"603\">&#x1f4c8; <strong data-start=\"570\" data-end=\"601\">Asesor\u00eda para Emprendedores<\/strong><\/h4>\n<p data-start=\"604\" data-end=\"758\">Brindamos acompa\u00f1amiento en la creaci\u00f3n y desarrollo de negocios gastron\u00f3micos sobre ruedas, desde la idea inicial hasta la consolidaci\u00f3n en el mercado.<\/p>\n<h4 data-start=\"760\" data-end=\"811\">&#x1f4cd; <strong data-start=\"768\" data-end=\"809\">Alquiler de Espacios para Food Trucks<\/strong><\/h4>\n<p data-start=\"812\" data-end=\"981\">Gestionamos la ubicaci\u00f3n de food trucks en centros comerciales, supermercados y eventos privados, asegurando espacios estrat\u00e9gicos para una mayor visibilidad y ventas.<\/p>\n<h4 data-start=\"983\" data-end=\"1053\">&#x1f680; <strong data-start=\"991\" data-end=\"1051\">Desarrollo de Estrategias de Marketing y Posicionamiento<\/strong><\/h4>\n<p data-start=\"1054\" data-end=\"1201\">Creamos campa\u00f1as de difusi\u00f3n y visibilidad en redes sociales y plataformas digitales para que los food trucks lleguen a m\u00e1s clientes potenciales.<\/p>\n<h4 data-start=\"1203\" data-end=\"1260\">&#x1f6e0;&#xfe0f; <strong data-start=\"1212\" data-end=\"1258\">Fabricaci\u00f3n y Mantenimiento de Food Trucks<\/strong><\/h4>\n<p data-start=\"1261\" data-end=\"1433\">Dise\u00f1amos y construimos food trucks personalizados, adaptados a las necesidades de cada emprendedor. Tambi\u00e9n ofrecemos servicios de mantenimiento preventivo y correctivo.<\/p>\n<h4 data-start=\"1435\" data-end=\"1492\">&#x2705; <strong data-start=\"1442\" data-end=\"1490\">Certificaci\u00f3n de Operatividad de Food Trucks<\/strong><\/h4>\n<p data-start=\"1493\" data-end=\"1666\">Evaluamos y certificamos el cumplimiento de los est\u00e1ndares de operatividad, seguridad e higiene para garantizar que los food trucks funcionen bajo las mejores condiciones.<\/p>\n<hr \/>\n\n\n<h2 class=\"wp-block-heading\" id=\"el-exito-de-los-food-trucks-esta-en-la-participacion-en-eventos-y-festivales\"><\/h2>\n","protected":false},"excerpt":{"rendered":"<p>APEFOODT es una instituci\u00f3n asociativa privada, constituida desde Julio del 2015 con Partida Registral\u00a0 N\u00b0 13464511 asentada en SUNARP,\u00a0 para brindar todos los servicios requeridos por los Emprendedores Food Trucks, desde el inicio de su\u00a0 Idea de Negocio\u00a0 hasta la\u00a0 Puesta en Marcha del mismo, brindando los siguientes servicios: &#x1f69a; Gesti\u00f3n y Formalizaci\u00f3n de Food &hellip; <\/p>\n<p class=\"link-more\"><a href=\"https:\/\/apefoodt.com\/index.php\/servicios\/\" class=\"more-link\">Continue reading<span class=\"screen-reader-text\"> \u00abServicios Ofrecidos\u00bb<\/span><\/a><\/p>\n","protected":false},"author":1,"featured_media":0,"parent":0,"menu_order":0,"comment_status":"closed","ping_status":"closed","template":"","meta":{"footnotes":""},"class_list":["post-89","page","type-page","status-publish","hentry"],"_links":{"self":[{"href":"https:\/\/apefoodt.com\/index.php\/wp-json\/wp\/v2\/pages\/89","targetHints":{"allow":["GET"]}}],"collection":[{"href":"https:\/\/apefoodt.com\/index.php\/wp-json\/wp\/v2\/pages"}],"about":[{"href":"https:\/\/apefoodt.com\/index.php\/wp-json\/wp\/v2\/types\/page"}],"author":[{"embeddable":true,"href":"https:\/\/apefoodt.com\/index.php\/wp-json\/wp\/v2\/users\/1"}],"replies":[{"embeddable":true,"href":"https:\/\/apefoodt.com\/index.php\/wp-json\/wp\/v2\/comments?post=89"}],"version-history":[{"count":23,"href":"https:\/\/apefoodt.com\/index.php\/wp-json\/wp\/v2\/pages\/89\/revisions"}],"predecessor-version":[{"id":1097,"href":"https:\/\/apefoodt.com\/index.php\/wp-json\/wp\/v2\/pages\/89\/revisions\/1097"}],"wp:attachment":[{"href":"https:\/\/apefoodt.com\/index.php\/wp-json\/wp\/v2\/media?parent=89"}],"curies":[{"name":"wp","href":"https:\/\/api.w.org\/{rel}","templated":true}]}}