{"id":19,"date":"2018-07-13T01:08:47","date_gmt":"2018-07-13T01:08:47","guid":{"rendered":"http:\/\/apefoodt.com\/?page_id=19"},"modified":"2026-01-31T19:17:26","modified_gmt":"2026-02-01T00:17:26","slug":"about","status":"publish","type":"page","link":"https:\/\/apefoodt.com\/index.php\/about\/","title":{"rendered":"Misi\u00f3n y Visi\u00f3n"},"content":{"rendered":"<h2 data-start=\"328\" data-end=\"349\"><strong data-start=\"331\" data-end=\"349\">Nuestra Misi\u00f3n<\/strong><\/h2>\n<p data-start=\"351\" data-end=\"686\">En la <strong data-start=\"357\" data-end=\"404\">Asociaci\u00f3n Peruana de Food Truck \u2013 APEFOODT<\/strong>, tenemos como misi\u00f3n <strong data-start=\"426\" data-end=\"465\">representar, articular y fortalecer<\/strong> al sector Food Truck en el Per\u00fa, promoviendo la <strong data-start=\"514\" data-end=\"585\">formalizaci\u00f3n, el cumplimiento normativo y el desarrollo sostenible<\/strong> del modelo de negocio de la gastronom\u00eda m\u00f3vil, en el marco de la <strong data-start=\"651\" data-end=\"685\">Ley N.\u00b0 32524 \u2013 Ley que Promueve la Formalizaci\u00f3n y Fortalecimiento del Modelo de Negocio de Veh\u00edculos Gastron\u00f3micos<\/strong>.<\/p>\n<p data-start=\"688\" data-end=\"1027\">Impulsamos a los emprendedores mediante <strong data-start=\"728\" data-end=\"770\">orientaci\u00f3n t\u00e9cnica, legal y operativa<\/strong>, certificaci\u00f3n del modelo Food Truck y acompa\u00f1amiento institucional, contribuyendo a la mejora continua de los est\u00e1ndares de calidad, seguridad alimentaria e infraestructura productiva, en coordinaci\u00f3n con las entidades competentes y los gobiernos locales.<\/p>\n<hr data-start=\"1029\" data-end=\"1032\" \/>\n<h2 data-start=\"1034\" data-end=\"1055\"><strong data-start=\"1037\" data-end=\"1055\">Nuestra Visi\u00f3n<\/strong><\/h2>\n<p data-start=\"1057\" data-end=\"1307\">Ser la <strong data-start=\"1064\" data-end=\"1118\">instituci\u00f3n gremial de referencia a nivel nacional y a nivel latino americano<\/strong>\u00a0en el desarrollo y ordenamiento del modelo Food Truck, reconocida por su liderazgo t\u00e9cnico, normativo e institucional, y por su aporte a la implementaci\u00f3n efectiva de la <strong data-start=\"1289\" data-end=\"1306\">Ley N.\u00b0 32524<\/strong>.<\/p>\n<p data-start=\"1309\" data-end=\"1596\">Aspiramos a consolidar un sector Food Truck <strong data-start=\"1353\" data-end=\"1390\">formal, profesional y competitivo<\/strong>, integrado al desarrollo econ\u00f3mico y gastron\u00f3mico del pa\u00eds, que proyecte a la gastronom\u00eda m\u00f3vil peruana como una actividad moderna, segura y sostenible, con reconocimiento a nivel nacional e internacional.<\/p>\n","protected":false},"excerpt":{"rendered":"<p>Nuestra Misi\u00f3n En la Asociaci\u00f3n Peruana de Food Truck \u2013 APEFOODT, tenemos como misi\u00f3n representar, articular y fortalecer al sector Food Truck en el Per\u00fa, promoviendo la formalizaci\u00f3n, el cumplimiento normativo y el desarrollo sostenible del modelo de negocio de la gastronom\u00eda m\u00f3vil, en el marco de la Ley N.\u00b0 32524 \u2013 Ley que Promueve &hellip; <\/p>\n<p class=\"link-more\"><a href=\"https:\/\/apefoodt.com\/index.php\/about\/\" class=\"more-link\">Continue reading<span class=\"screen-reader-text\"> \u00abMisi\u00f3n y Visi\u00f3n\u00bb<\/span><\/a><\/p>\n","protected":false},"author":1,"featured_media":0,"parent":0,"menu_order":0,"comment_status":"closed","ping_status":"closed","template":"","meta":{"footnotes":""},"class_list":["post-19","page","type-page","status-publish","hentry"],"_links":{"self":[{"href":"https:\/\/apefoodt.com\/index.php\/wp-json\/wp\/v2\/pages\/19","targetHints":{"allow":["GET"]}}],"collection":[{"href":"https:\/\/apefoodt.com\/index.php\/wp-json\/wp\/v2\/pages"}],"about":[{"href":"https:\/\/apefoodt.com\/index.php\/wp-json\/wp\/v2\/types\/page"}],"author":[{"embeddable":true,"href":"https:\/\/apefoodt.com\/index.php\/wp-json\/wp\/v2\/users\/1"}],"replies":[{"embeddable":true,"href":"https:\/\/apefoodt.com\/index.php\/wp-json\/wp\/v2\/comments?post=19"}],"version-history":[{"count":10,"href":"https:\/\/apefoodt.com\/index.php\/wp-json\/wp\/v2\/pages\/19\/revisions"}],"predecessor-version":[{"id":1140,"href":"https:\/\/apefoodt.com\/index.php\/wp-json\/wp\/v2\/pages\/19\/revisions\/1140"}],"wp:attachment":[{"href":"https:\/\/apefoodt.com\/index.php\/wp-json\/wp\/v2\/media?parent=19"}],"curies":[{"name":"wp","href":"https:\/\/api.w.org\/{rel}","templated":true}]}}