{"id":1017,"date":"2022-11-30T01:42:13","date_gmt":"2022-11-30T06:42:13","guid":{"rendered":"http:\/\/apefoodt.com\/?page_id=1017"},"modified":"2025-02-24T12:55:34","modified_gmt":"2025-02-24T17:55:34","slug":"proyecto-de-ley-n-03692-2022-cr","status":"publish","type":"page","link":"http:\/\/apefoodt.com\/index.php\/proyecto-de-ley-n-03692-2022-cr\/","title":{"rendered":"Proyecto de Ley &#8211; FOOD TRUCK"},"content":{"rendered":"\n<p>Proyecto de Ley N\u00b0 03692\/2022-CR que se presento a trav\u00e9s del Congresista Hernando Guerra con fecha 29-Nov. 2022, con la finalidad de promover la formalizaci\u00f3n y desarrollo econ\u00f3mico de los emprendimientos que utilizan veh\u00edculos gastron\u00f3micos (Food Trucks).<\/p>\n\n\n\n<p>Esta iniciativa se empez\u00f3 a trabajar desde el despacho del congresista Nano Guerra en participaci\u00f3n directa con informaci\u00f3n recolectada en nuestros mas de 8 a\u00f1os de existencia como la Asociaci\u00f3n Peruana de Food Truck &#8211; APEFOODT, donde conseguimos lograr ordenanzas municipales espec\u00edficas en el distrito de San Miguel (Ordenanza Municipal N\u00b0 390\/MDSM) publicada el 16 de Julio del 2019 y en el distrito de Bellavista (Ordenanza Municipal N\u00b0 012-2022-MDB) publicada el 21 de Julio del 2022.<\/p>\n\n\n\n<p><strong>Primera Visita al Congreso<\/strong> (29 de Abril-2022)<\/p>\n\n\n\n<figure class=\"wp-block-image size-large\"><img loading=\"lazy\" decoding=\"async\" width=\"1024\" height=\"472\" src=\"http:\/\/apefoodt.com\/wp-content\/uploads\/2022\/11\/1651256182228-7e5eac4e-0fe5-4bcc-8977-4c624208b256-1024x472.jpg\" alt=\"\" class=\"wp-image-1021\" srcset=\"http:\/\/apefoodt.com\/wp-content\/uploads\/2022\/11\/1651256182228-7e5eac4e-0fe5-4bcc-8977-4c624208b256-1024x472.jpg 1024w, http:\/\/apefoodt.com\/wp-content\/uploads\/2022\/11\/1651256182228-7e5eac4e-0fe5-4bcc-8977-4c624208b256-300x138.jpg 300w, http:\/\/apefoodt.com\/wp-content\/uploads\/2022\/11\/1651256182228-7e5eac4e-0fe5-4bcc-8977-4c624208b256-768x354.jpg 768w, http:\/\/apefoodt.com\/wp-content\/uploads\/2022\/11\/1651256182228-7e5eac4e-0fe5-4bcc-8977-4c624208b256-1536x707.jpg 1536w, http:\/\/apefoodt.com\/wp-content\/uploads\/2022\/11\/1651256182228-7e5eac4e-0fe5-4bcc-8977-4c624208b256.jpg 2000w\" sizes=\"auto, (max-width: 767px) 89vw, (max-width: 1000px) 54vw, (max-width: 1071px) 543px, 580px\" \/><\/figure>\n\n\n\n<p><strong>Segunda Visita al Congreso<\/strong> (04 de Julio -2022)<\/p>\n\n\n\n<figure class=\"wp-block-image size-large\"><img loading=\"lazy\" decoding=\"async\" width=\"1024\" height=\"485\" src=\"http:\/\/apefoodt.com\/wp-content\/uploads\/2022\/11\/1656962158532-ab2c6696-b056-42c5-ba0a-a6ead643708b-1024x485.jpg\" alt=\"\" class=\"wp-image-1024\" srcset=\"http:\/\/apefoodt.com\/wp-content\/uploads\/2022\/11\/1656962158532-ab2c6696-b056-42c5-ba0a-a6ead643708b-1024x485.jpg 1024w, http:\/\/apefoodt.com\/wp-content\/uploads\/2022\/11\/1656962158532-ab2c6696-b056-42c5-ba0a-a6ead643708b-300x142.jpg 300w, http:\/\/apefoodt.com\/wp-content\/uploads\/2022\/11\/1656962158532-ab2c6696-b056-42c5-ba0a-a6ead643708b-768x364.jpg 768w, http:\/\/apefoodt.com\/wp-content\/uploads\/2022\/11\/1656962158532-ab2c6696-b056-42c5-ba0a-a6ead643708b-1536x728.jpg 1536w, http:\/\/apefoodt.com\/wp-content\/uploads\/2022\/11\/1656962158532-ab2c6696-b056-42c5-ba0a-a6ead643708b.jpg 2000w\" sizes=\"auto, (max-width: 767px) 89vw, (max-width: 1000px) 54vw, (max-width: 1071px) 543px, 580px\" \/><\/figure>\n\n\n\n<p><strong>Primera Reuni\u00f3n en Grupo con el Congresista<\/strong><\/p>\n\n\n<div class=\"wp-block-image\">\n<figure class=\"alignleft size-full is-resized\"><img loading=\"lazy\" decoding=\"async\" width=\"719\" height=\"615\" src=\"http:\/\/apefoodt.com\/wp-content\/uploads\/2022\/11\/Reunion-Nano-Guerra-1.jpg\" alt=\"\" class=\"wp-image-1025\" style=\"width:304px;height:259px\" srcset=\"http:\/\/apefoodt.com\/wp-content\/uploads\/2022\/11\/Reunion-Nano-Guerra-1.jpg 719w, http:\/\/apefoodt.com\/wp-content\/uploads\/2022\/11\/Reunion-Nano-Guerra-1-300x257.jpg 300w\" sizes=\"auto, (max-width: 719px) 100vw, 719px\" \/><\/figure>\n<\/div>\n\n<div class=\"wp-block-image\">\n<figure class=\"alignright size-full is-resized\"><img loading=\"lazy\" decoding=\"async\" width=\"719\" height=\"623\" src=\"http:\/\/apefoodt.com\/wp-content\/uploads\/2022\/11\/Reunion-Nano-Guerra-3.jpg\" alt=\"\" class=\"wp-image-1026\" style=\"width:304px;height:263px\" srcset=\"http:\/\/apefoodt.com\/wp-content\/uploads\/2022\/11\/Reunion-Nano-Guerra-3.jpg 719w, http:\/\/apefoodt.com\/wp-content\/uploads\/2022\/11\/Reunion-Nano-Guerra-3-300x260.jpg 300w\" sizes=\"auto, (max-width: 719px) 100vw, 719px\" \/><\/figure>\n<\/div>\n\n<div class=\"wp-block-image\">\n<figure class=\"aligncenter size-full is-resized\"><img loading=\"lazy\" decoding=\"async\" width=\"719\" height=\"635\" src=\"http:\/\/apefoodt.com\/wp-content\/uploads\/2022\/11\/Reunion-Nano-Guerra-2.jpg\" alt=\"\" class=\"wp-image-1027\" style=\"width:483px;height:426px\" srcset=\"http:\/\/apefoodt.com\/wp-content\/uploads\/2022\/11\/Reunion-Nano-Guerra-2.jpg 719w, http:\/\/apefoodt.com\/wp-content\/uploads\/2022\/11\/Reunion-Nano-Guerra-2-300x265.jpg 300w\" sizes=\"auto, (max-width: 719px) 100vw, 719px\" \/><\/figure>\n<\/div>\n\n\n<p class=\"has-text-align-center\"><strong>PROYECTO DE LEY QUE PROMUEVE LA FORMALIZACI\u00d3N Y DESARROLLO ECON\u00d3MICO DE LOS EMPRENDIMIENTOS QUE UTILIZAN VEH\u00cdCULOS GASTRON\u00d3MICOS<\/strong> <strong>(Food Trucks)<\/strong><\/p>\n","protected":false},"excerpt":{"rendered":"<p>Proyecto de Ley N\u00b0 03692\/2022-CR que se presento a trav\u00e9s del Congresista Hernando Guerra con fecha 29-Nov. 2022, con la finalidad de promover la formalizaci\u00f3n y desarrollo econ\u00f3mico de los emprendimientos que utilizan veh\u00edculos gastron\u00f3micos (Food Trucks). Esta iniciativa se empez\u00f3 a trabajar desde el despacho del congresista Nano Guerra en participaci\u00f3n directa con informaci\u00f3n &hellip; <\/p>\n<p class=\"link-more\"><a href=\"http:\/\/apefoodt.com\/index.php\/proyecto-de-ley-n-03692-2022-cr\/\" class=\"more-link\">Continue reading<span class=\"screen-reader-text\"> \u00abProyecto de Ley &#8211; FOOD TRUCK\u00bb<\/span><\/a><\/p>\n","protected":false},"author":1,"featured_media":0,"parent":0,"menu_order":0,"comment_status":"closed","ping_status":"closed","template":"","meta":{"footnotes":""},"class_list":["post-1017","page","type-page","status-publish","hentry"],"_links":{"self":[{"href":"http:\/\/apefoodt.com\/index.php\/wp-json\/wp\/v2\/pages\/1017","targetHints":{"allow":["GET"]}}],"collection":[{"href":"http:\/\/apefoodt.com\/index.php\/wp-json\/wp\/v2\/pages"}],"about":[{"href":"http:\/\/apefoodt.com\/index.php\/wp-json\/wp\/v2\/types\/page"}],"author":[{"embeddable":true,"href":"http:\/\/apefoodt.com\/index.php\/wp-json\/wp\/v2\/users\/1"}],"replies":[{"embeddable":true,"href":"http:\/\/apefoodt.com\/index.php\/wp-json\/wp\/v2\/comments?post=1017"}],"version-history":[{"count":6,"href":"http:\/\/apefoodt.com\/index.php\/wp-json\/wp\/v2\/pages\/1017\/revisions"}],"predecessor-version":[{"id":1071,"href":"http:\/\/apefoodt.com\/index.php\/wp-json\/wp\/v2\/pages\/1017\/revisions\/1071"}],"wp:attachment":[{"href":"http:\/\/apefoodt.com\/index.php\/wp-json\/wp\/v2\/media?parent=1017"}],"curies":[{"name":"wp","href":"https:\/\/api.w.org\/{rel}","templated":true}]}}